{"id":1148,"date":"2021-11-01T15:21:09","date_gmt":"2021-11-01T15:21:09","guid":{"rendered":"https:\/\/bootstrapping.pt\/?page_id=1148"},"modified":"2021-11-02T08:33:21","modified_gmt":"2021-11-02T08:33:21","slug":"termos-e-condicoes%e2%80%8b","status":"publish","type":"page","link":"https:\/\/bootstrapping.pt\/?page_id=1148","title":{"rendered":"Termos e Condi\u00e7\u00f5es"},"content":{"rendered":"\t\t<div data-elementor-type=\"wp-page\" data-elementor-id=\"1148\" class=\"elementor elementor-1148\" data-elementor-settings=\"[]\">\n\t\t\t\t\t\t\t<div class=\"elementor-section-wrap\">\n\t\t\t\t\t\t\t<section class=\"elementor-section elementor-top-section elementor-element elementor-element-ab96dd8 elementor-section-boxed elementor-section-height-default elementor-section-height-default\" data-id=\"ab96dd8\" data-element_type=\"section\">\n\t\t\t\t\t\t<div class=\"elementor-container elementor-column-gap-default\">\n\t\t\t\t\t<div class=\"elementor-column elementor-col-100 elementor-top-column elementor-element elementor-element-cc05d78\" data-id=\"cc05d78\" data-element_type=\"column\">\n\t\t\t<div class=\"elementor-widget-wrap elementor-element-populated\">\n\t\t\t\t\t\t\t\t<div class=\"elementor-element elementor-element-1edbfdf elementor-widget elementor-widget-heading\" data-id=\"1edbfdf\" data-element_type=\"widget\" data-widget_type=\"heading.default\">\n\t\t\t\t<div class=\"elementor-widget-container\">\n\t\t\t<h2 class=\"elementor-heading-title elementor-size-default\">Termos e Condi\u00e7\u00f5es<\/h2>\t\t<\/div>\n\t\t\t\t<\/div>\n\t\t\t\t<div class=\"elementor-element elementor-element-01934da elementor-widget elementor-widget-text-editor\" data-id=\"01934da\" data-element_type=\"widget\" data-widget_type=\"text-editor.default\">\n\t\t\t\t<div class=\"elementor-widget-container\">\n\t\t\t\t\t\t\t<p><em>(Actualizado a 01\/11\/2021)<\/em><\/p>\t\t\t\t\t\t<\/div>\n\t\t\t\t<\/div>\n\t\t\t\t<div class=\"elementor-element elementor-element-93c33b1 elementor-widget-divider--view-line elementor-widget elementor-widget-divider\" data-id=\"93c33b1\" data-element_type=\"widget\" data-widget_type=\"divider.default\">\n\t\t\t\t<div class=\"elementor-widget-container\">\n\t\t\t\t\t<div class=\"elementor-divider\">\n\t\t\t<span class=\"elementor-divider-separator\">\n\t\t\t\t\t\t<\/span>\n\t\t<\/div>\n\t\t\t\t<\/div>\n\t\t\t\t<\/div>\n\t\t\t\t<div class=\"elementor-element elementor-element-ba58fe5 elementor-widget elementor-widget-text-editor\" data-id=\"ba58fe5\" data-element_type=\"widget\" data-widget_type=\"text-editor.default\">\n\t\t\t\t<div class=\"elementor-widget-container\">\n\t\t\t\t\t\t\t<p>Estes Termos e Condi\u00e7\u00f5es regulam o acesso e utiliza\u00e7\u00e3o deste site e \u00e0 aceita\u00e7\u00e3o integral dos mesmos, pelo que recomendamos a sua leitura atenta.<\/p><h4><span style=\"color: #06fd84;\"><strong>1. QUAL O OBJECTIVO DESTES TERMOS<\/strong><\/span><\/h4><p>Os presentes Termos e Condi\u00e7\u00f5es descrevem as condi\u00e7\u00f5es legais aplic\u00e1veis a todos os utilizadores que acedam ao site (independentemente da forma como seja feito esse acesso).<br \/>A utiliza\u00e7\u00e3o do mesmo implica e sup\u00f5e a aceita\u00e7\u00e3o pelo Utilizador dos presentes Termos e Condi\u00e7\u00f5es.<br \/>Ao clicar no bot\u00e3o \u201c<strong>Concordo com os Termos e Condi\u00e7\u00f5es<\/strong>\u201d, o Utilizador est\u00e1 a concordar em ficar vinculado aos mesmos e concorda que nenhuma outra condi\u00e7\u00e3o se aplicar\u00e1.<\/p><h4><span style=\"color: #06fd84;\"><strong>2. REGRAS DE UTILIZA\u00c7\u00c3O<\/strong><\/span><\/h4><p>O utilizador est\u00e1 autorizado a visualizar o website e a reproduzir a informa\u00e7\u00e3o colocada no mesmo exclusivamente para fins pessoais, n\u00e3o comerciais.<\/p><p>Com exce\u00e7\u00e3o do disposto na limitada autoriza\u00e7\u00e3o mencionada, n\u00e3o \u00e9 concedida ao utilizador qualquer licen\u00e7a ou direito relativo \u00e0 informa\u00e7\u00e3o existente neste website.<\/p><p>O utilizador compromete-se a n\u00e3o utilizar o site de forma que impossibilite ou perturbe o seu funcionamento normal e acesso pelos demais utilizadores ou de modo que possa causar, directa ou indirectamente, quaisquer danos.<\/p><p>Especificamente, mas n\u00e3o exclusivamente, o utilizador compromete-se, a:<\/p><ul><li>N\u00e3o utilizar os conte\u00fados do site de forma que seja considerada ilegal, ou em conjuga\u00e7\u00e3o ou associa\u00e7\u00e3o com imagens ou outros conte\u00fados que contenham pornografia, actos violentos ou de incita\u00e7\u00e3o \u00e0 viol\u00eancia, actos il\u00edcitos, desleais, obscenos ou difamat\u00f3rios relativamente a quaisquer pessoas e\/ou bens ou que promovam a discrimina\u00e7\u00e3o racial ou sexual;<\/li><li>N\u00e3o reproduzir, n\u00e3o armazenar permanente nem retransmitir o conte\u00fado deste site sem a autoriza\u00e7\u00e3o pr\u00e9via e por escrito da Bootstrapping.<\/li><li>N\u00e3o utilizar os conte\u00fados do site em termos que, direta ou indiretamente, violem direitos de propriedade intelectual ou direitos de autor.<\/li><li>N\u00e3o alterar nem retirar qualquer informa\u00e7\u00e3o de direitos de autor, marca, logotipo ou outros elementos identificativos constantes do site.<\/li><li>Observar e reproduzir toda e qualquer advert\u00eancia ou reserva de direitos de autor ou qualquer outra advert\u00eancia ou reserva de direitos de propriedade intelectual contida em qualquer informa\u00e7\u00e3o que visualize;<\/li><li>N\u00e3o modificar, transmitir, reproduzir, distribuir, publicar, transferir, vender ou utilizar de qualquer outra forma qualquer informa\u00e7\u00e3o obtida no ou atrav\u00e9s deste site.<\/li><\/ul><h4><span style=\"color: #06fd84;\"><strong>3. PROPRIEDADE INTELECTUAL<\/strong><\/span><\/h4><p>Todos os direitos de propriedade intelectual sobre o site, bem como, a informa\u00e7\u00e3o e o conte\u00fado dispon\u00edveis atrav\u00e9s do mesmo pertencem \u00e0 Bootstrapping ou a Parceiros que os disponibilizaram.<br \/>O site est\u00e1 protegido por direitos de autor e outros direitos espec\u00edficos de propriedade intelectual.<br \/>\u00c9 expressamente proibido copiar, modificar, adaptar, distribuir, publicar, vender o site ou os seus conte\u00fados para terceiros.<br \/>Qualquer utiliza\u00e7\u00e3o do site para outros fins que n\u00e3o os aqui autorizados, nomeadamente, c\u00f3pias, totais ou parciais, far\u00e3o incorrer o Utilizador em responsabilidade, civil e\/ou criminal, bem como, na obriga\u00e7\u00e3o de a indemnizar por todos os danos por si causados.<\/p><h4><span style=\"color: #06fd84;\"><strong>4. RESPONSABILIDADE E RISCO<\/strong><\/span><\/h4><p>O conte\u00fado deste site \u00e9 disponibilizado com o objetivo de fornecer informa\u00e7\u00f5es de car\u00e1cter geral e n\u00e3o constitui presta\u00e7\u00e3o de servi\u00e7os jur\u00eddicos.<br \/>A Bootstrapping exclui a sua responsabilidade por quaisquer danos que poder\u00e3o ocorrer relacionados com a informa\u00e7\u00e3o contida neste site.<br \/>Este site \u00e9 meramente informativo e n\u00e3o tem um conte\u00fado publicit\u00e1rio.<\/p><h4><span style=\"color: #06fd84;\"><strong>5. PRIVACIDADE E DADOS PESSOAIS<\/strong><\/span><\/h4><p>Os dados pessoais dos utilizadores ser\u00e3o recolhidos e tratados de acordo com as normas legais em vigor e de acordo com a\u00a0<a href=\"https:\/\/bootstrapping.pt\/?page_id=1154\"><span style=\"color: #00adb5;\"><span style=\"color: #06fd84;\">Pol\u00edtica de Privacidade<\/span><\/span><\/a><span style=\"color: #00adb5;\">\u00a0<\/span>constante do site.<\/p><h4><span style=\"color: #06fd84;\"><strong>6. LEI APLIC\u00c1VEL<\/strong><\/span><\/h4><p>Os presentes Termos de Utiliza\u00e7\u00e3o s\u00e3o regulados pela Lei Portuguesa em vigor.<\/p><h4><span style=\"color: #06fd84;\"><strong>7. CONTACTO<\/strong><\/span><\/h4><p>Para qualquer quest\u00e3o relacionada com estes Termos ou informa\u00e7\u00e3o adicional, contacte-nos atrav\u00e9s do e-mail <span style=\"color: #00adb5;\"><a style=\"color: #00adb5;\" href=\"mailto:geral@bootstrapping.pt\"><span style=\"color: #06fd84;\">geral@bootstrapping.pt<\/span><\/a><\/span><\/p>\t\t\t\t\t\t<\/div>\n\t\t\t\t<\/div>\n\t\t\t\t\t<\/div>\n\t\t<\/div>\n\t\t\t\t\t\t\t<\/div>\n\t\t<\/section>\n\t\t\t\t\t\t<\/div>\n\t\t\t\t\t<\/div>\n\t\t","protected":false},"excerpt":{"rendered":"<p>Termos e Condi\u00e7\u00f5es (Actualizado a 01\/11\/2021) Estes Termos e Condi\u00e7\u00f5es regulam o acesso e utiliza\u00e7\u00e3o deste site e \u00e0 aceita\u00e7\u00e3o integral dos mesmos, pelo que recomendamos a sua leitura atenta. 1. QUAL O OBJECTIVO DESTES TERMOS Os presentes Termos e Condi\u00e7\u00f5es descrevem as condi\u00e7\u00f5es legais aplic\u00e1veis a todos os utilizadores que acedam ao site (independentemente &hellip;<\/p>\n<p class=\"read-more\"> <a class=\"\" href=\"https:\/\/bootstrapping.pt\/?page_id=1148\"> <span class=\"screen-reader-text\">Termos e Condi\u00e7\u00f5es<\/span> Read More &raquo;<\/a><\/p>\n","protected":false},"author":1,"featured_media":0,"parent":0,"menu_order":0,"comment_status":"closed","ping_status":"closed","template":"","meta":{"site-sidebar-layout":"no-sidebar","site-content-layout":"page-builder","ast-main-header-display":"","ast-hfb-above-header-display":"","ast-hfb-mobile-header-display":"","site-post-title":"disabled","ast-breadcrumbs-content":"","ast-featured-img":"disabled","footer-sml-layout":"","theme-transparent-header-meta":"","adv-header-id-meta":"","stick-header-meta":"","header-above-stick-meta":"","header-main-stick-meta":"","header-below-stick-meta":"","footnotes":""},"class_list":["post-1148","page","type-page","status-publish","hentry"],"_links":{"self":[{"href":"https:\/\/bootstrapping.pt\/index.php?rest_route=\/wp\/v2\/pages\/1148","targetHints":{"allow":["GET"]}}],"collection":[{"href":"https:\/\/bootstrapping.pt\/index.php?rest_route=\/wp\/v2\/pages"}],"about":[{"href":"https:\/\/bootstrapping.pt\/index.php?rest_route=\/wp\/v2\/types\/page"}],"author":[{"embeddable":true,"href":"https:\/\/bootstrapping.pt\/index.php?rest_route=\/wp\/v2\/users\/1"}],"replies":[{"embeddable":true,"href":"https:\/\/bootstrapping.pt\/index.php?rest_route=%2Fwp%2Fv2%2Fcomments&post=1148"}],"version-history":[{"count":12,"href":"https:\/\/bootstrapping.pt\/index.php?rest_route=\/wp\/v2\/pages\/1148\/revisions"}],"predecessor-version":[{"id":1195,"href":"https:\/\/bootstrapping.pt\/index.php?rest_route=\/wp\/v2\/pages\/1148\/revisions\/1195"}],"wp:attachment":[{"href":"https:\/\/bootstrapping.pt\/index.php?rest_route=%2Fwp%2Fv2%2Fmedia&parent=1148"}],"curies":[{"name":"wp","href":"https:\/\/api.w.org\/{rel}","templated":true}]}}