{"id":1154,"date":"2021-11-01T15:27:16","date_gmt":"2021-11-01T15:27:16","guid":{"rendered":"https:\/\/bootstrapping.pt\/?page_id=1154"},"modified":"2021-11-01T15:36:11","modified_gmt":"2021-11-01T15:36:11","slug":"politica-de-privacidade-e-cookies","status":"publish","type":"page","link":"https:\/\/bootstrapping.pt\/?page_id=1154","title":{"rendered":"Pol\u00edtica de Privacidade e Cookies"},"content":{"rendered":"\t\t<div data-elementor-type=\"wp-page\" data-elementor-id=\"1154\" class=\"elementor elementor-1154\" data-elementor-settings=\"[]\">\n\t\t\t\t\t\t\t<div class=\"elementor-section-wrap\">\n\t\t\t\t\t\t\t<section class=\"elementor-section elementor-top-section elementor-element elementor-element-7063263 elementor-section-boxed elementor-section-height-default elementor-section-height-default\" data-id=\"7063263\" data-element_type=\"section\">\n\t\t\t\t\t\t<div class=\"elementor-container elementor-column-gap-default\">\n\t\t\t\t\t<div class=\"elementor-column elementor-col-100 elementor-top-column elementor-element elementor-element-2763a22\" data-id=\"2763a22\" data-element_type=\"column\">\n\t\t\t<div class=\"elementor-widget-wrap elementor-element-populated\">\n\t\t\t\t\t\t\t\t<div class=\"elementor-element elementor-element-8efc2bb elementor-widget elementor-widget-heading\" data-id=\"8efc2bb\" data-element_type=\"widget\" data-widget_type=\"heading.default\">\n\t\t\t\t<div class=\"elementor-widget-container\">\n\t\t\t<h2 class=\"elementor-heading-title elementor-size-default\">Pol\u00edtica de Privacidade e Cookies <\/h2>\t\t<\/div>\n\t\t\t\t<\/div>\n\t\t\t\t<div class=\"elementor-element elementor-element-d4a320f elementor-widget elementor-widget-text-editor\" data-id=\"d4a320f\" data-element_type=\"widget\" data-widget_type=\"text-editor.default\">\n\t\t\t\t<div class=\"elementor-widget-container\">\n\t\t\t\t\t\t\t<p><em>(Actualizado a 01\/11\/2021)<\/em><\/p>\t\t\t\t\t\t<\/div>\n\t\t\t\t<\/div>\n\t\t\t\t<div class=\"elementor-element elementor-element-cc63ef2 elementor-widget-divider--view-line elementor-widget elementor-widget-divider\" data-id=\"cc63ef2\" data-element_type=\"widget\" data-widget_type=\"divider.default\">\n\t\t\t\t<div class=\"elementor-widget-container\">\n\t\t\t\t\t<div class=\"elementor-divider\">\n\t\t\t<span class=\"elementor-divider-separator\">\n\t\t\t\t\t\t<\/span>\n\t\t<\/div>\n\t\t\t\t<\/div>\n\t\t\t\t<\/div>\n\t\t\t\t<div class=\"elementor-element elementor-element-f8316bc elementor-widget elementor-widget-text-editor\" data-id=\"f8316bc\" data-element_type=\"widget\" data-widget_type=\"text-editor.default\">\n\t\t\t\t<div class=\"elementor-widget-container\">\n\t\t\t\t\t\t\t<p>A sua privacidade e a seguran\u00e7a dos seus dados pessoais s\u00e3o importantes para n\u00f3s.<\/p><p>Esta Pol\u00edtica, em conjunto com os Termos e Condi\u00e7\u00f5es, demonstram o nosso compromisso em proteger e respeitar a sua privacidade e estabelecem as normas pelas quais se rege o tratamento dos dados que nos s\u00e3o fornecidos.<\/p><p>Recomendamos que leia este documento atentamente, pois dele constam todas as informa\u00e7\u00f5es que necessita para saber que dados pessoais tratamos e como o fazemos.<\/p><h4><span style=\"color: #06fd84;\"><strong>1.<\/strong> \u00a0\u00a0\u00a0\u00a0 <strong>OBJECTO<\/strong><\/span><\/h4><p>Esta Pol\u00edtica aplica-se a todas as opera\u00e7\u00f5es de tratamento de dados pessoais relativas a informa\u00e7\u00f5es de clientes, potenciais clientes e prestadores de servi\u00e7os da Bootstrapping.<\/p><h4><span style=\"color: #06fd84;\"><strong>2.<\/strong> \u00a0\u00a0\u00a0\u00a0 <strong>ENQUADRAMENTO LEGAL<\/strong><\/span><\/h4><p>A presente Pol\u00edtica de Privacidade foi executada de acordo com os diplomas legais aplic\u00e1veis em mat\u00e9ria de protec\u00e7\u00e3o de dados, nomeadamente, o Regulamento 2016\/679\/UE, do Parlamento Europeu e do Conselho, de 27 de abril de 2016 (doravante RGPD) e respectiva legisla\u00e7\u00e3o nacional de execu\u00e7\u00e3o (Lei n.\u00ba 58\/2019 e Lei n.\u00ba 59\/2019, ambas de 8 de Agosto).<\/p><h4><span style=\"color: #06fd84;\"><strong>3.<\/strong> \u00a0\u00a0\u00a0\u00a0 <strong>RESPONS\u00c1VEL PELO TRATAMENTO<\/strong><\/span><\/h4><p>A Bootstrapping \u00e9 Respons\u00e1vel pelo Tratamento dos dados pessoais que recolhe e trata quando determina:<\/p><ul><li>Quais os Dados Pessoais que devem ser tratados;<\/li><li>Quais as Finalidades para as quais os Dados Pessoais s\u00e3o tratados; e,<\/li><li>Quais os meios a aplicar para o tratamento dos Dados Pessoais.<\/li><\/ul><h4><span style=\"color: #06fd84;\"><strong>4.<\/strong> \u00a0\u00a0\u00a0\u00a0 <strong>PRINC\u00cdPIOS APLIC\u00c1VEIS AO TRATAMENTO DE DADOS<\/strong><\/span><\/h4><p>A Bootstrapping compromete-se a agir em conformidade com os preceitos legalmente aplic\u00e1veis assegurando, nomeadamente:<\/p><p style=\"padding-left: 40px;\"><strong>a)<\/strong> A Transpar\u00eancia, lealdade e legalidade no tratamento de dados;<\/p><p style=\"padding-left: 40px;\"><strong>b)<\/strong> Que os dados pessoais ser\u00e3o recolhidos e tratados apenas para fins espec\u00edficos, expl\u00edcitos e leg\u00edtimos, em conson\u00e2ncia com os objectivos definidos;<\/p><p style=\"padding-left: 40px;\"><strong>c)<\/strong> Que limitar\u00e1 o processamento de dados pessoais ao que \u00e9 adequado, relevante e necess\u00e1rio relativamente \u00e0s finalidades para as quais s\u00e3o tratados.;<\/p><p style=\"padding-left: 40px;\"><strong>d)<\/strong> Que os dados pessoais devem estar correctos, completos e actualizados;<\/p><p style=\"padding-left: 40px;\"><strong>e)<\/strong> Que os dados ser\u00e3o conservados de forma a permitir a identifica\u00e7\u00e3o dos seus titulares apenas durante o per\u00edodo estritamente necess\u00e1rio e dentro do legalmente permitido para a prossecu\u00e7\u00e3o das finalidades de recolha ou do tratamento posterior.<\/p><h4><span style=\"color: #06fd84;\"><strong>6.<\/strong> \u00a0\u00a0\u00a0\u00a0 <strong>CATEGORIAS DE DADOS PESSOAIS E DOS TITULARES<\/strong><\/span><\/h4><p>A Bootstrapping trata, nomeadamente, as seguintes categorias de dados pessoais:<\/p><ul><li>Dados de identifica\u00e7\u00e3o pessoal e dados de contacto ( nome, morada, contacto telef\u00f3nico e e-mail, data de nascimento, sexo, dados do cart\u00e3o de cidad\u00e3o, passaporte, nacionalidade e n\u00famero de contribuinte);<\/li><li>Dados demogr\u00e1ficos (cidade de resid\u00eancia, c\u00f3digo postal);<\/li><li>Dados de atividade profissional ( informa\u00e7\u00f5es relativas a processos e dossiers, informa\u00e7\u00f5es relativas a dilig\u00eancias);<\/li><li>Dados relacionados com casos espec\u00edficos para os quais tenha sido solicitada assist\u00eancia;<\/li><li>Dados de factura\u00e7\u00e3o e despesas ( honor\u00e1rios, despesas de desloca\u00e7\u00e3o e comunica\u00e7\u00f5es por conta do cliente); e<\/li><li>Dados sobre a utiliza\u00e7\u00e3o de sistemas (por exemplo, tempo de acesso ao website).<\/li><\/ul><p>As categorias de dados pessoais acima referidas podem pertencer a diferentes categorias de titulares de dados, como clientes, potenciais clientes, colaboradores de clientes (empresas), contrapartes e prestadores de servi\u00e7os.<\/p><h4><span style=\"color: #06fd84;\"><strong>7. \u00a0 FINALIDADE E FUNDAMENTO JUR\u00cdDICO DO TRATAMENTO DE DADOS PESSOAIS<\/strong><\/span><\/h4><p>Genericamente tratamos dados pessoais com o fim de prestar servi\u00e7os de consultoria, em conformidade com as obriga\u00e7\u00f5es profissionais e todas as demais obriga\u00e7\u00f5es legais a que estamos sujeitos.<\/p><p>Na tabela abaixo s\u00e3o identificados os fundamentos e\u00a0 finalidades dos dados tratados :<\/p><table width=\"602\"><tbody><tr><td style=\"border: 1px solid white;\" width=\"301\"><strong>Finalidade<\/strong><\/td><td style=\"border: 1px solid white;\" width=\"301\"><strong>Fundamento Jur\u00eddico<\/strong><\/td><\/tr><tr><td style=\"border: 1px solid white;\" width=\"301\">Presta\u00e7\u00e3o de servi\u00e7os de consultoria<\/td><td style=\"border: 1px solid white;\" width=\"301\"><p>Execu\u00e7\u00e3o de contratos;<\/p><p>Dilig\u00eancias pr\u00e9-contratuais;<\/p><p>Interesse leg\u00edtimo;<\/p><\/td><\/tr><tr><td style=\"border: 1px solid white;\" width=\"301\">Factura\u00e7\u00e3o<\/td><td style=\"border: 1px solid white;\" width=\"301\"><p>Execu\u00e7\u00e3o de contrato;<\/p><p>Interesse leg\u00edtimo;<\/p><p>Cumprimento de obriga\u00e7\u00e3o legal<\/p><\/td><\/tr><tr><td style=\"border: 1px solid white;\" width=\"301\"><p>Resposta a solicita\u00e7\u00f5es e<\/p><p>pedidos de esclarecimento<\/p><\/td><td style=\"border: 1px solid white;\" width=\"301\"><p>Interesse leg\u00edtimo<\/p><p>Dilig\u00eancias pr\u00e9-contratuais<\/p><\/td><\/tr><tr><td style=\"border: 1px solid white;\" width=\"301\">Envio de comunica\u00e7\u00f5es e informa\u00e7\u00e3o<\/td><td style=\"border: 1px solid white;\" width=\"301\"><p>Interesse leg\u00edtimo<\/p><p>Consentimento<\/p><\/td><\/tr><tr><td style=\"border: 1px solid white;\" width=\"301\">Cumprimento de obriga\u00e7\u00f5es legais em mat\u00e9ria de compliance<\/td><td style=\"border: 1px solid white;\" width=\"301\">Cumprimento de obriga\u00e7\u00e3o legal.<\/td><\/tr><\/tbody><\/table><p>Em casos espec\u00edficos e sempre que tal for necess\u00e1rio para legitimar o tratamento dos seus dados, pediremos o seu <strong><u>consentimento<\/u><\/strong> no momento da recolha dos seus dados pessoais. No caso de consentir no tratamento dos seus dados, tem o direito de retirar o seu consentimento em qualquer altura.<\/p><p>Quanto ao caso particular de <strong>dados de Categoria Especial ou relativos a condena\u00e7\u00f5es penais e infrac\u00e7\u00f5es<\/strong> estes apenas ser\u00e3o sujeitos a opera\u00e7\u00f5es de tratamento, na\u00a0 medida em que sejam necess\u00e1rios \u00e0 declara\u00e7\u00e3o, exerc\u00edcio ou defesa de um direito num processo judicial, ou nos casos em que o tratamento seja necess\u00e1rio por motivos de interesse p\u00fablico (p.ex. preven\u00e7\u00e3o de branqueamento de capitais e de financiamento do terrorismo).<\/p><p>O tratamento dos dados de categoria especial ser\u00e1 objecto de garantias adequadas para os direitos e liberdades dos respectivos titulares, sendo as opera\u00e7\u00f5es quanto aos mesmos limitadas ao estrito cumprimento das obriga\u00e7\u00f5es jur\u00eddicas aplic\u00e1veis.<\/p><h4><span style=\"color: #05fd84;\"><strong>8.<\/strong> \u00a0\u00a0\u00a0\u00a0 <strong>DURA\u00c7\u00c3O DO TRATAMENTO DE DADOS PESSOAIS<\/strong><\/span><\/h4><p>Os dados pessoais s\u00e3o conservados apenas durante o per\u00edodo de tempo necess\u00e1rio para a realiza\u00e7\u00e3o das finalidades para as quais s\u00e3o tratados.<\/p><table width=\"602\"><tbody><tr><td style=\"border: 1px solid white;\" width=\"301\"><strong>Finalidade<\/strong><\/td><td style=\"border: 1px solid white;\" width=\"301\"><strong>Dura\u00e7\u00e3o do Tratamento<\/strong><\/td><\/tr><tr><td style=\"border: 1px solid white;\" width=\"301\">Presta\u00e7\u00e3o de servi\u00e7os de consultoria<\/td><td style=\"border: 1px solid white;\" width=\"301\">Dura\u00e7\u00e3o da rela\u00e7\u00e3o comercial.<\/td><\/tr><tr><td style=\"border: 1px solid white;\" width=\"301\">Factura\u00e7\u00e3o<\/td><td style=\"border: 1px solid white;\" width=\"301\">10 anos<\/td><\/tr><tr><td style=\"border: 1px solid white;\" width=\"301\"><p>Resposta a solicita\u00e7\u00f5es e<\/p><p>pedidos de esclarecimento<\/p><\/td><td style=\"border: 1px solid white;\" width=\"301\">1 ano ap\u00f3s o pedido<\/td><\/tr><tr><td style=\"border: 1px solid white;\" width=\"301\">Envio de comunica\u00e7\u00f5es e informa\u00e7\u00e3o<\/td><td style=\"border: 1px solid white;\" width=\"301\">At\u00e9 que o titular dos dados manifeste a respectiva oposi\u00e7\u00e3o ao tratamento<\/td><\/tr><tr><td style=\"border: 1px solid white;\" width=\"301\">Cumprimento de obriga\u00e7\u00f5es legais em mat\u00e9ria de <em>compliance<\/em><\/td><td style=\"border: 1px solid white;\" width=\"301\">7 anos (contados do momento em que cessou a rela\u00e7\u00e3o comercial com o cliente)<\/td><\/tr><tr><td style=\"border: 1px solid white;\" width=\"301\">Outros casos<\/td><td style=\"border: 1px solid white;\" width=\"301\">Enquanto subsistir a rela\u00e7\u00e3o comercial<\/td><\/tr><\/tbody><\/table><p>Sempre que poss\u00edvel, s\u00e3o cumpridos os prazos de conserva\u00e7\u00e3o legalmente estabelecidos, todavia existem situa\u00e7\u00f5es em que alguns dados ter\u00e3o de ser conservados por um per\u00edodo mais longo, atendendo, por exemplo, a determinadas obriga\u00e7\u00f5es legais, contratuais e\/ou interesse leg\u00edtimo.<\/p><h4><span style=\"color: #05fd84;\"><strong>9. \u00a0 DIREITOS DOS TITULARES DOS DADOS<\/strong><\/span><\/h4><p>O titular dos Dados Pessoais tem direito a exercer, mediante pedido escrito, os seguintes direitos: direito de acesso, direito de rectifica\u00e7\u00e3o e direito de portabilidade dos dados, bem como, direito ao apagamento ou \u00e0 limita\u00e7\u00e3o de tratamento, direito de se opor ao tratamento e de apresentar reclama\u00e7\u00e3o junto da CNPD ( <span style=\"color: #00adb5;\"><a style=\"color: #00adb5;\" href=\"http:\/\/www.cnpd.pt\"><span style=\"color: #05fd84;\">www.cnpd.pt<\/span><\/a><\/span>).<\/p><p>Nos casos em que o consentimento seja o fundamento do tratamento de dados, os titulares t\u00eam, ainda, o direito de o retirar a todo o tempo.<\/p><p>Informamos que o exerc\u00edcio dos direitos acima referido pode ser limitado, face \u00e0 exist\u00eancia de direitos e liberdades de terceiros, de obriga\u00e7\u00f5es legais ou de confidencialidade e de interesses leg\u00edtimos prevalecentes da Bootstrapping ou de terceiro.<\/p><p style=\"text-align: left;\"><span style=\"color: #05fd84;\"><strong><u>COMO EXERCER OS SEUS DIREITOS<\/u><\/strong>: <\/span><span style=\"font-size: 16px;\">Pode exercer os seus direitos atrav\u00e9s de e-mail para o seguinte endere\u00e7o o seguinte endere\u00e7o geral@bootstrapping.pt, sempre colocando em assunto \u201cDados Pessoais\u201d.<\/span><\/p><h4><span style=\"color: #05fd84;\"><strong>10.<\/strong>\u00a0 <strong>\u00a0PARTILHA DE\u00a0 DADOS<\/strong><\/span><\/h4><p>Os seus Dados Pessoais podem ser partilhados com as seguintes entidades:<\/p><ul><li>Subcontratantes ( por exemplo, prestadores de servi\u00e7os de contabilidade, suporte inform\u00e1tico ou t\u00e9cnico), os quais est\u00e3o vinculadas \u00e0 Bootstrapping por contrato escrito, apenas podendo tratar Dados Pessoais para os fins especificamente estabelecidos;<\/li><\/ul><h4><span style=\"color: #05fd84;\"><strong>11.\u00a0 <\/strong><strong style=\"font-size: 20.8px;\">LINKS PARA SITES DE TERCEIROS<\/strong><\/span><\/h4><p>Este site pode conter links para sites de terceiros, que podem ter pol\u00edticas de privacidade diferentes das nossas, pelo que n\u00e3o somos respons\u00e1veis pelos mesmos e recomendamos a consulta das respectivas pol\u00edticas.N\u00e3o temos controlo sobre pol\u00edticas ou termos de outros sites.<\/p><h4><span style=\"color: #05fd84;\"><strong>12.<\/strong>\u00a0 <strong>COOKIES (defini\u00e7\u00e3o, tipos utilizados e forma de gest\u00e3o)<\/strong><\/span><\/h4><p>Os Cookies s\u00e3o pequenos arquivos de texto que, quando visita determinado website, s\u00e3o armazenadas no seu computador (ou no dispositivo m\u00f3vel) atrav\u00e9s do navegador (<em>browser<\/em>), retendo apenas informa\u00e7\u00e3o relacionada com as suas prefer\u00eancias, n\u00e3o incluindo, como tal, os seus dados pessoais.<\/p><p>No site Bootstrapping s\u00e3o recolhidos cookies, os quais t\u00eam as seguintes finalidades:<\/p><p>&#8211; Cookies estritamente necess\u00e1rios &#8211; Permitem que navegue no website e aceda a \u00e1reas espec\u00edficas do mesmo.<\/p><p>&#8211; Cookies anal\u00edticos &#8211; S\u00e3o utilizados anonimamente para efeitos de cria\u00e7\u00e3o e an\u00e1lise de estat\u00edsticas, com o objectivo de melhorar o funcionamento do website.<\/p><p>S\u00e3o os seguintes os tipos de cookies utilizados no site Bootstrapping e\u00a0 suas finalidades:<\/p><ol><li><strong><u>Google Tag Manager (.gtag)<\/u><\/strong>:\u00a0 Plataforma que permite controlar as tags que se pretendem executar no site e o momento em que deve ser feita essa instala\u00e7\u00e3o. Esta ferramenta apenas coordena tags, sendo que n\u00e3o recolhe qualquer informa\u00e7\u00e3o pessoal.<\/li><li><strong><u>Google Analytics (.ga):<\/u><\/strong> Ferramenta anal\u00edtica da Google, que permite interpretar a utiliza\u00e7\u00e3o e intera\u00e7\u00e3o com este website. O Google Analytics permite a an\u00e1lise da utiliza\u00e7\u00e3o do website. Esta informa\u00e7\u00e3o, armazenada nos servidores da Google, ir\u00e1 servir para compilar relat\u00f3rios sobre a atividade dos utilizadores no website. O utilizador poder\u00e1, em qualquer momento, desativar o rastreamento por parte desta ferramenta anal\u00edtica em qualquer dispositivo de navega\u00e7\u00e3o.<\/li><\/ol><p>Os cookies usados neste site n\u00e3o recolhem informa\u00e7\u00f5es pessoais que permitam identificar o utilizador.<\/p><p>O utilizador poder\u00e1, em qualquer momento, configurar o seu browser de modo a ser notificado sobre a recep\u00e7\u00e3o de cookies, prevenindo, assim, a instala\u00e7\u00e3o dos mesmos no seu sistema (notamos que ao desactivar os cookies poder\u00e1 modificar o desempenho do website, podendo resultar na impossibilidade de ter acesso a algumas das suas \u00e1reas):<\/p><ul><li>Para fazer opt-out de ser monitorizado ou de manter um rasto digital pelo Google Analytics, atrav\u00e9s dos sites que visita, por favor consulte a informa\u00e7\u00e3o dispon\u00edvel em:\u00a0 <span style=\"color: #06fd84;\"><a style=\"color: #06fd84;\" href=\"https:\/\/tools.google.com\/dlpage\/gaoptout\"><strong>https:\/\/tools.google.com\/dlpage\/gaoptout<\/strong><\/a>.<\/span><\/li><li>Para mais informa\u00e7\u00f5es poder\u00e1 consultar, quando dispon\u00edveis, os seguintes sites, onde tamb\u00e9m poder\u00e1 desactivar os seus cookies: <strong>http:\/\/www.aboutads.info\/choices\/#completed<\/strong> ou<span style=\"color: #06fd84;\"> <a style=\"color: #06fd84;\" href=\"http:\/\/www.youronlinechoices.eu\/\"><strong>http:\/\/www.youronlinechoices.eu\/<\/strong><\/a><\/span><\/li><\/ul><h4><span style=\"color: #06fd84;\"><strong>13.\u00a0 SEGURAN\u00c7A DOS DADOS PESSOAIS<\/strong><\/span><\/h4><p>A Bootstrapping adopta, segundo as melhores pr\u00e1ticas, as medidas t\u00e9cnicas e organizativas adequadas para proteger os Dados Pessoais que lhe s\u00e3o confiados contra a sua perda, destrui\u00e7\u00e3o ou danifica\u00e7\u00e3o, acidental ou il\u00edcita e, bem assim, para assegurar que os dados facultados sejam protegidos contra o acesso ou utiliza\u00e7\u00e3o por parte de terceiros n\u00e3o autorizados.<\/p><h4><span style=\"color: #06fd84;\"><strong>14.\u00a0 \u00a0ALTERA\u00c7\u00d5ES \u00c0 POL\u00cdTICA DE PRIVACIDADE<\/strong><\/span><\/h4><p>A presente Pol\u00edtica de Privacidade foi publicada em 01 de Novembro de 2021 e poder\u00e1 ser alterada, mediante publica\u00e7\u00e3o neste site, sem necessidade de consentimento pr\u00e9vio e expresso do titular dos dados.<\/p><p>Caso tenha alguma quest\u00e3o ou pretenda obter mais informa\u00e7\u00f5es acerca de como tratamos os seus Dados Pessoais, e quais as nossas pr\u00e1ticas em mat\u00e9ria de seguran\u00e7a da informa\u00e7\u00e3o, por favor, n\u00e3o hesite em contactar-nos atrav\u00e9s dos elementos fornecidos no ponto 9.<\/p>\t\t\t\t\t\t<\/div>\n\t\t\t\t<\/div>\n\t\t\t\t\t<\/div>\n\t\t<\/div>\n\t\t\t\t\t\t\t<\/div>\n\t\t<\/section>\n\t\t\t\t\t\t<\/div>\n\t\t\t\t\t<\/div>\n\t\t","protected":false},"excerpt":{"rendered":"<p>Pol\u00edtica de Privacidade e Cookies (Actualizado a 01\/11\/2021) A sua privacidade e a seguran\u00e7a dos seus dados pessoais s\u00e3o importantes para n\u00f3s. Esta Pol\u00edtica, em conjunto com os Termos e Condi\u00e7\u00f5es, demonstram o nosso compromisso em proteger e respeitar a sua privacidade e estabelecem as normas pelas quais se rege o tratamento dos dados que &hellip;<\/p>\n<p class=\"read-more\"> <a class=\"\" href=\"https:\/\/bootstrapping.pt\/?page_id=1154\"> <span class=\"screen-reader-text\">Pol\u00edtica de Privacidade e Cookies<\/span> Read More &raquo;<\/a><\/p>\n","protected":false},"author":1,"featured_media":0,"parent":0,"menu_order":0,"comment_status":"closed","ping_status":"closed","template":"","meta":{"site-sidebar-layout":"no-sidebar","site-content-layout":"page-builder","ast-main-header-display":"","ast-hfb-above-header-display":"","ast-hfb-mobile-header-display":"","site-post-title":"disabled","ast-breadcrumbs-content":"","ast-featured-img":"disabled","footer-sml-layout":"","theme-transparent-header-meta":"","adv-header-id-meta":"","stick-header-meta":"","header-above-stick-meta":"","header-main-stick-meta":"","header-below-stick-meta":"","footnotes":""},"class_list":["post-1154","page","type-page","status-publish","hentry"],"_links":{"self":[{"href":"https:\/\/bootstrapping.pt\/index.php?rest_route=\/wp\/v2\/pages\/1154","targetHints":{"allow":["GET"]}}],"collection":[{"href":"https:\/\/bootstrapping.pt\/index.php?rest_route=\/wp\/v2\/pages"}],"about":[{"href":"https:\/\/bootstrapping.pt\/index.php?rest_route=\/wp\/v2\/types\/page"}],"author":[{"embeddable":true,"href":"https:\/\/bootstrapping.pt\/index.php?rest_route=\/wp\/v2\/users\/1"}],"replies":[{"embeddable":true,"href":"https:\/\/bootstrapping.pt\/index.php?rest_route=%2Fwp%2Fv2%2Fcomments&post=1154"}],"version-history":[{"count":8,"href":"https:\/\/bootstrapping.pt\/index.php?rest_route=\/wp\/v2\/pages\/1154\/revisions"}],"predecessor-version":[{"id":1168,"href":"https:\/\/bootstrapping.pt\/index.php?rest_route=\/wp\/v2\/pages\/1154\/revisions\/1168"}],"wp:attachment":[{"href":"https:\/\/bootstrapping.pt\/index.php?rest_route=%2Fwp%2Fv2%2Fmedia&parent=1154"}],"curies":[{"name":"wp","href":"https:\/\/api.w.org\/{rel}","templated":true}]}}